{"id":36866,"date":"2026-04-11T20:46:12","date_gmt":"2026-04-12T01:46:12","guid":{"rendered":"https:\/\/shuttlecomm.com\/product\/a-traslado-redondo-transfer-from-cancun-international-airport-carretera-a-aeropuerto-cancun-cancun-q-r-mexico-to-moon-palace-cancun-all-inclusive-resort-carretera-cancun-chetumal-ri\/"},"modified":"2026-04-11T20:46:12","modified_gmt":"2026-04-12T01:46:12","slug":"a-traslado-redondo-transfer-from-cancun-international-airport-carretera-a-aeropuerto-cancun-cancun-q-r-mexico-to-moon-palace-cancun-all-inclusive-resort-carretera-cancun-chetumal-ri","status":"publish","type":"product","link":"https:\/\/shuttlecomm.com\/es\/producto\/a-traslado-redondo-transfer-from-cancun-international-airport-carretera-a-aeropuerto-cancun-cancun-q-r-mexico-to-moon-palace-cancun-all-inclusive-resort-carretera-cancun-chetumal-ri\/","title":{"rendered":"A \u00abTraslado Redondo\u00bb transfer from \u00abCancun International Airport, Carretera a Aeropuerto Canc\u00fan, Canc\u00fan, Q.R., M\u00e9xico\u00bb to \u00abMoon Palace Cancun All &#8211; Inclusive Resort, Carretera Cancun-Chetumal, Riviera Maya, Canc\u00fan, Q.R., M\u00e9xico\u00bb, on \u00abApril 20, 2026 12:00\u00bb, return on \u00abApril 30, 2026 12:00\u00bb"},"content":{"rendered":"","protected":false},"excerpt":{"rendered":"","protected":false},"featured_media":0,"template":"","meta":[],"product_brand":[],"product_cat":[206],"product_tag":[],"class_list":{"0":"post-36866","1":"product","2":"type-product","3":"status-publish","5":"product_cat-reservations","7":"first","8":"instock","9":"sold-individually","10":"shipping-taxable","11":"purchasable","12":"product-type-simple"},"_links":{"self":[{"href":"https:\/\/shuttlecomm.com\/es\/wp-json\/wp\/v2\/product\/36866","targetHints":{"allow":["GET"]}}],"collection":[{"href":"https:\/\/shuttlecomm.com\/es\/wp-json\/wp\/v2\/product"}],"about":[{"href":"https:\/\/shuttlecomm.com\/es\/wp-json\/wp\/v2\/types\/product"}],"wp:attachment":[{"href":"https:\/\/shuttlecomm.com\/es\/wp-json\/wp\/v2\/media?parent=36866"}],"wp:term":[{"taxonomy":"product_brand","embeddable":true,"href":"https:\/\/shuttlecomm.com\/es\/wp-json\/wp\/v2\/product_brand?post=36866"},{"taxonomy":"product_cat","embeddable":true,"href":"https:\/\/shuttlecomm.com\/es\/wp-json\/wp\/v2\/product_cat?post=36866"},{"taxonomy":"product_tag","embeddable":true,"href":"https:\/\/shuttlecomm.com\/es\/wp-json\/wp\/v2\/product_tag?post=36866"}],"curies":[{"name":"wp","href":"https:\/\/api.w.org\/{rel}","templated":true}]}}